{"id":730,"date":"2020-09-02T16:14:37","date_gmt":"2020-09-02T14:14:37","guid":{"rendered":"https:\/\/egewe.fr\/index.php\/jeunesse\/"},"modified":"2024-10-27T10:17:45","modified_gmt":"2024-10-27T09:17:45","slug":"jeunesse","status":"publish","type":"page","link":"https:\/\/egewe.fr\/index.php\/jeunesse\/","title":{"rendered":"Jeunesse"},"content":{"rendered":"<div data-colibri-id=\"730-c1\" class=\"style-709 style-local-730-c1 position-relative\">\n  <!---->\n  <div data-colibri-component=\"section\" data-colibri-id=\"730-c2\" id=\"portfolio\" class=\"h-section h-section-global-spacing d-flex align-items-lg-center align-items-md-center align-items-center style-815 style-local-730-c2 position-relative\">\n    <!---->\n    <!---->\n    <div class=\"h-section-grid-container h-section-boxed-container\">\n      <div data-colibri-id=\"730-c22\" class=\"h-row-container gutters-row-lg-2 gutters-row-md-2 gutters-row-2 gutters-row-v-lg-2 gutters-row-v-md-2 gutters-row-v-2 style-838 style-local-730-c22 position-relative\">\n        <!---->\n        <div class=\"h-row justify-content-lg-center justify-content-md-center justify-content-center align-items-lg-stretch align-items-md-stretch align-items-stretch gutters-col-lg-2 gutters-col-md-2 gutters-col-2 gutters-col-v-lg-2 gutters-col-v-md-2 gutters-col-v-2\">\n          <!---->\n          <div class=\"h-column h-column-container d-flex h-col-lg-auto h-col-md-auto h-col-auto style-839-outer style-local-730-c23-outer\">\n            <div data-colibri-id=\"730-c23\" class=\"d-flex h-flex-basis h-column__inner h-px-lg-2 h-px-md-2 h-px-2 v-inner-lg-2 v-inner-md-2 v-inner-2 style-839 style-local-730-c23 position-relative\">\n              <!---->\n              <!---->\n              <div class=\"w-100 h-y-container h-column__content h-column__v-align flex-basis-100 align-self-lg-start align-self-md-start align-self-start\">\n                <!---->\n                <div data-colibri-id=\"730-c24\" class=\"d-block style-842 style-local-730-c24 position-relative h-element\">\n                  <!---->\n                  <div class=\"h-image__frame-container-outer\">\n                    <div class=\"h-image__frame-container\">\n                      <!---->\n                      <!---->\n                      <img loading=\"lazy\" decoding=\"async\" width=\"1920\" height=\"1080\" src=\"https:\/\/egewe.fr\/wp-content\/uploads\/2020\/09\/ensemble.jpg\" class=\"wp-image-346 style-842-image style-local-730-c24-image\" alt=\"\" srcset=\"https:\/\/egewe.fr\/wp-content\/uploads\/2020\/09\/ensemble.jpg 1920w, https:\/\/egewe.fr\/wp-content\/uploads\/2020\/09\/ensemble-300x169.jpg 300w, https:\/\/egewe.fr\/wp-content\/uploads\/2020\/09\/ensemble-1024x576.jpg 1024w, https:\/\/egewe.fr\/wp-content\/uploads\/2020\/09\/ensemble-768x432.jpg 768w, https:\/\/egewe.fr\/wp-content\/uploads\/2020\/09\/ensemble-1536x864.jpg 1536w\" sizes=\"auto, (max-width: 1920px) 100vw, 1920px\" \/>\n                      <div class=\"h-image__frame h-image__frame_shadow h-hide-lg h-hide-md h-hide-sm style-842-frameImage style-local-730-c24-frameImage\"><\/div>\n                    <\/div>\n                  <\/div>\n                <\/div>\n              <\/div>\n            <\/div>\n          <\/div>\n        <\/div>\n      <\/div>\n      <div data-colibri-id=\"730-c3\" class=\"h-row-container gutters-row-lg-2 gutters-row-md-2 gutters-row-2 gutters-row-v-lg-2 gutters-row-v-md-2 gutters-row-v-2 style-816 style-local-730-c3 position-relative\">\n        <!---->\n        <div class=\"h-row justify-content-lg-center justify-content-md-center justify-content-center align-items-lg-stretch align-items-md-stretch align-items-stretch gutters-col-lg-2 gutters-col-md-2 gutters-col-2 gutters-col-v-lg-2 gutters-col-v-md-2 gutters-col-v-2\">\n          <!---->\n          <div class=\"h-column h-column-container d-flex h-col-lg-4 h-col-md-6 h-col-12 style-817-outer style-local-730-c4-outer\">\n            <div data-colibri-id=\"730-c4\" class=\"d-flex h-flex-basis h-column__inner h-px-lg-0 h-px-md-0 h-px-0 v-inner-lg-0 v-inner-md-0 v-inner-0 style-817 style-local-730-c4 position-relative\">\n              <!---->\n              <!---->\n              <div class=\"w-100 h-y-container h-column__content h-column__v-align flex-basis-100 align-self-lg-start align-self-md-start align-self-start\">\n                <!---->\n                <div data-colibri-id=\"730-c5\" class=\"h-row-container gutters-row-lg-0 gutters-row-md-0 gutters-row-0 gutters-row-v-lg-0 gutters-row-v-md-0 gutters-row-v-0 style-818 style-local-730-c5 position-relative\">\n                  <!---->\n                  <div class=\"h-row justify-content-lg-center justify-content-md-center justify-content-center align-items-lg-stretch align-items-md-stretch align-items-stretch gutters-col-lg-0 gutters-col-md-0 gutters-col-0 gutters-col-v-lg-0 gutters-col-v-md-0 gutters-col-v-0\">\n                    <!---->\n                    <div class=\"h-column h-column-container d-flex h-col-lg-auto h-col-md-auto h-col-auto style-819-outer style-local-730-c6-outer\">\n                      <div data-colibri-id=\"730-c6\" class=\"d-flex h-flex-basis h-column__inner h-ui-empty-state-container h-px-lg-0 h-px-md-0 h-px-0 v-inner-lg-0 v-inner-md-0 v-inner-0 style-819 style-local-730-c6 position-relative\">\n                        <!---->\n                        <!---->\n                        <div class=\"w-100 h-y-container h-column__content h-column__v-align flex-basis-100\">\n                          <!---->\n                        <\/div>\n                      <\/div>\n                    <\/div>\n                    <div class=\"h-column h-column-container d-flex h-col-lg-auto h-col-md-auto h-col-auto style-825-outer style-local-730-c7-outer\">\n                      <div data-colibri-id=\"730-c7\" class=\"d-flex h-flex-basis h-column__inner h-px-lg-2 h-px-md-2 h-px-2 v-inner-lg-2 v-inner-md-2 v-inner-2 style-825 style-local-730-c7 position-relative\">\n                        <!---->\n                        <!---->\n                        <div class=\"w-100 h-y-container h-column__content h-column__v-align flex-basis-100 align-self-lg-start align-self-md-start align-self-start\">\n                          <!---->\n                          <div data-colibri-id=\"730-c8\" class=\"h-global-transition-all h-heading style-826 style-local-730-c8 position-relative h-element\">\n                            <!---->\n                            <div class=\"h-heading__outer style-826 style-local-730-c8\">\n                              <!---->\n                              <!---->\n                              <h5 class=\"\"><span style=\"font-family: Handlee; font-size: 200%;\">\u00c9coDim<\/span><\/h5>\n                            <\/div>\n                          <\/div>\n                          <div data-colibri-id=\"730-c9\" class=\"h-text h-text-component style-827 style-local-730-c9 position-relative h-element\">\n                            <!---->\n                            <!---->\n                            <div class=\"\">\n                              <p><span style=\"font-family: Raleway;\">\u00ab Mettez mes commandements dans votre c\u0153ur et dans votre \u00e2me. Vous les attacherez comme un signe sur vos mains et ils seront comme une marque entre vos yeux. Vous les enseignerez \u00e0 vos enfants et vous leur en parlerez quand tu seras chez toi, quand tu seras en voyage,&nbsp;[&#8230;]. \u00bb&nbsp;Deut\u00e9ronome 11.18-19<\/span><\/p>\n                              <p><span style=\"font-family: Raleway;\">Tous les dimanches un rendez-vous autour de la Bible pour les 3-6 ans et 7-13 ans.<\/span><\/p>\n                              <p>\n                                <br>\n                              <\/p>\n                            <\/div>\n                          <\/div>\n                        <\/div>\n                      <\/div>\n                    <\/div>\n                  <\/div>\n                <\/div>\n              <\/div>\n            <\/div>\n          <\/div>\n          <div class=\"h-column h-column-container d-flex h-col-lg-4 h-col-md-6 h-col-12 style-817-outer style-local-730-c10-outer\">\n            <div data-colibri-id=\"730-c10\" class=\"d-flex h-flex-basis h-column__inner h-px-lg-0 h-px-md-0 h-px-0 v-inner-lg-0 v-inner-md-0 v-inner-0 style-817 style-local-730-c10 position-relative\">\n              <!---->\n              <!---->\n              <div class=\"w-100 h-y-container h-column__content h-column__v-align flex-basis-100 align-self-lg-start align-self-md-start align-self-start\">\n                <!---->\n                <div data-colibri-id=\"730-c11\" class=\"h-row-container gutters-row-lg-0 gutters-row-md-0 gutters-row-0 gutters-row-v-lg-0 gutters-row-v-md-0 gutters-row-v-0 style-818 style-local-730-c11 position-relative\">\n                  <!---->\n                  <div class=\"h-row justify-content-lg-center justify-content-md-center justify-content-center align-items-lg-stretch align-items-md-stretch align-items-stretch gutters-col-lg-0 gutters-col-md-0 gutters-col-0 gutters-col-v-lg-0 gutters-col-v-md-0 gutters-col-v-0\">\n                    <!---->\n                    <div class=\"h-column h-column-container d-flex h-col-lg-auto h-col-md-auto h-col-auto style-819-outer style-local-730-c12-outer\">\n                      <div data-colibri-id=\"730-c12\" class=\"d-flex h-flex-basis h-column__inner h-ui-empty-state-container h-px-lg-0 h-px-md-0 h-px-0 v-inner-lg-0 v-inner-md-0 v-inner-0 style-819 style-local-730-c12 position-relative\">\n                        <!---->\n                        <!---->\n                        <div class=\"w-100 h-y-container h-column__content h-column__v-align flex-basis-100\">\n                          <!---->\n                        <\/div>\n                      <\/div>\n                    <\/div>\n                    <div class=\"h-column h-column-container d-flex h-col-lg-auto h-col-md-auto h-col-auto style-825-outer style-local-730-c13-outer\">\n                      <div data-colibri-id=\"730-c13\" class=\"d-flex h-flex-basis h-column__inner h-px-lg-2 h-px-md-2 h-px-2 v-inner-lg-2 v-inner-md-2 v-inner-2 style-825 style-local-730-c13 position-relative\">\n                        <!---->\n                        <!---->\n                        <div class=\"w-100 h-y-container h-column__content h-column__v-align flex-basis-100 align-self-lg-start align-self-md-start align-self-start\">\n                          <!---->\n                          <div data-colibri-id=\"730-c14\" class=\"h-global-transition-all h-heading style-826 style-local-730-c14 position-relative h-element\">\n                            <!---->\n                            <div class=\"h-heading__outer style-826 style-local-730-c14\">\n                              <!---->\n                              <!---->\n                              <h5 class=\"\"><span style=\"font-family: Handlee; font-size: 200%;\">Club Junior<\/span><\/h5>\n                            <\/div>\n                          <\/div>\n                          <div data-colibri-id=\"730-c15\" class=\"h-text h-text-component style-827 style-local-730-c15 position-relative h-element\">\n                            <!---->\n                            <!---->\n                            <div class=\"\">\n                              <p><span style=\"color: rgb(70, 112, 127); font-family: Raleway; font-size: 14px; font-weight: 400;\">Trois fois par an, pendant la c\u00e9l\u00e9bration du culte le dimanche, pour les coll\u00e9giens et lyc\u00e9ens : que dit Dieu \u00e0&nbsp;propos de&#8230; l&rsquo;amiti\u00e9, l\u2019estime de soi, l\u2019argent, les attentats terroristes, le harc\u00e8lement, etc. ? De vraies r\u00e9ponses \u00e0&nbsp;de vraies questions !<\/span><\/p>\n                            <\/div>\n                          <\/div>\n                        <\/div>\n                      <\/div>\n                    <\/div>\n                  <\/div>\n                <\/div>\n              <\/div>\n            <\/div>\n          <\/div>\n          <div class=\"h-column h-column-container d-flex h-col-lg-4 h-col-md-6 h-col-12 style-817-outer style-local-730-c16-outer\">\n            <div data-colibri-id=\"730-c16\" class=\"d-flex h-flex-basis h-column__inner h-px-lg-0 h-px-md-0 h-px-0 v-inner-lg-0 v-inner-md-0 v-inner-0 style-817 style-local-730-c16 position-relative\">\n              <!---->\n              <!---->\n              <div class=\"w-100 h-y-container h-column__content h-column__v-align flex-basis-100 align-self-lg-start align-self-md-start align-self-start\">\n                <!---->\n                <div data-colibri-id=\"730-c17\" class=\"h-row-container gutters-row-lg-0 gutters-row-md-0 gutters-row-0 gutters-row-v-lg-0 gutters-row-v-md-0 gutters-row-v-0 style-818 style-local-730-c17 position-relative\">\n                  <!---->\n                  <div class=\"h-row justify-content-lg-center justify-content-md-center justify-content-center align-items-lg-stretch align-items-md-stretch align-items-stretch gutters-col-lg-0 gutters-col-md-0 gutters-col-0 gutters-col-v-lg-0 gutters-col-v-md-0 gutters-col-v-0\">\n                    <!---->\n                    <div class=\"h-column h-column-container d-flex h-col-lg-auto h-col-md-auto h-col-auto style-819-outer style-local-730-c18-outer\">\n                      <div data-colibri-id=\"730-c18\" class=\"d-flex h-flex-basis h-column__inner h-ui-empty-state-container h-px-lg-0 h-px-md-0 h-px-0 v-inner-lg-0 v-inner-md-0 v-inner-0 style-819 style-local-730-c18 position-relative\">\n                        <!---->\n                        <!---->\n                        <div class=\"w-100 h-y-container h-column__content h-column__v-align flex-basis-100\">\n                          <!---->\n                        <\/div>\n                      <\/div>\n                    <\/div>\n                    <div class=\"h-column h-column-container d-flex h-col-lg-auto h-col-md-auto h-col-auto style-825-outer style-local-730-c19-outer\">\n                      <div data-colibri-id=\"730-c19\" class=\"d-flex h-flex-basis h-column__inner h-px-lg-2 h-px-md-2 h-px-2 v-inner-lg-2 v-inner-md-2 v-inner-2 style-825 style-local-730-c19 position-relative\">\n                        <!---->\n                        <!---->\n                        <div class=\"w-100 h-y-container h-column__content h-column__v-align flex-basis-100 align-self-lg-start align-self-md-start align-self-start\">\n                          <!---->\n                          <div data-colibri-id=\"730-c20\" class=\"h-global-transition-all h-heading style-826 style-local-730-c20 position-relative h-element\">\n                            <!---->\n                            <div class=\"h-heading__outer style-826 style-local-730-c20\">\n                              <!---->\n                              <!---->\n                              <h5 class=\"\"><span style=\"font-family: Handlee; font-size: 200%;\">Groupe de jeunes<\/span><\/h5>\n                            <\/div>\n                          <\/div>\n                          <div data-colibri-id=\"730-c21\" class=\"h-text h-text-component style-827 style-local-730-c21 position-relative h-element\">\n                            <!---->\n                            <!---->\n                            <div class=\"\">\n                              <p><span style=\"font-family: Raleway;\">Le GDJ de Weislingen, c\u2019est une vingtaine de jeunes de 14 \u00e0 22 ans qui se retrouvent trois samedis par mois pour partager des moments ensemble, pour rencontrer Dieu et conna\u00eetre Sa Parole.<\/span><\/p>\n                              <p><span style=\"font-family: Raleway;\">Ils sont encadr\u00e9s par une \u00e9quipe dynamique et accessible qui se tient \u00e0 leurs c\u00f4t\u00e9s pour les accompagner dans la construction de leur personnalit\u00e9 et les temps forts de l&rsquo;adolescence.<\/span><\/p>\n                              <p><span style=\"font-family: Raleway;\">RDV les samedis \u00e0 20h00 !!<\/span><\/p>\n                              <p><span style=\"font-family: Raleway;\">On se r\u00e9jouit de t\u2019accueillir, \u00e0 bient\u00f4t !!<\/span><\/p>\n                              <p>\n                                <br>\n                              <\/p>\n                            <\/div>\n                          <\/div>\n                        <\/div>\n                      <\/div>\n                    <\/div>\n                  <\/div>\n                <\/div>\n              <\/div>\n            <\/div>\n          <\/div>\n        <\/div>\n      <\/div>\n    <\/div>\n  <\/div>\n<\/div>","protected":false},"excerpt":{"rendered":"<p>\u00c9coDim \u00ab Mettez mes commandements dans votre c\u0153ur et dans votre \u00e2me. Vous les attacherez comme un signe sur vos mains et ils seront comme une marque entre vos yeux. [&hellip;]<\/p>\n","protected":false},"author":3,"featured_media":0,"parent":0,"menu_order":0,"comment_status":"closed","ping_status":"closed","template":"page-templates\/full-width-page.php","meta":{"_EventAllDay":false,"_EventTimezone":"","_EventStartDate":"","_EventEndDate":"","_EventStartDateUTC":"","_EventEndDateUTC":"","_EventShowMap":false,"_EventShowMapLink":false,"_EventURL":"","_EventCost":"","_EventCostDescription":"","_EventCurrencySymbol":"","_EventCurrencyCode":"","_EventCurrencyPosition":"","_EventDateTimeSeparator":"","_EventTimeRangeSeparator":"","_EventOrganizerID":[],"_EventVenueID":[],"_OrganizerEmail":"","_OrganizerPhone":"","_OrganizerWebsite":"","_VenueAddress":"","_VenueCity":"","_VenueCountry":"","_VenueProvince":"","_VenueState":"","_VenueZip":"","_VenuePhone":"","_VenueURL":"","_VenueStateProvince":"","_VenueLat":"","_VenueLng":"","_VenueShowMap":false,"_VenueShowMapLink":false,"footnotes":""},"class_list":["post-730","page","type-page","status-publish","hentry"],"yoast_head":"<!-- This site is optimized with the Yoast SEO plugin v27.5 - https:\/\/yoast.com\/product\/yoast-seo-wordpress\/ -->\n<title>Jeunesse - \u00c9glise \u00c9vang\u00e9lique de Weislingen<\/title>\n<meta name=\"robots\" content=\"index, follow, max-snippet:-1, max-image-preview:large, max-video-preview:-1\" \/>\n<link rel=\"canonical\" href=\"https:\/\/egewe.fr\/index.php\/jeunesse\/\" \/>\n<meta property=\"og:locale\" content=\"fr_FR\" \/>\n<meta property=\"og:type\" content=\"article\" \/>\n<meta property=\"og:title\" content=\"Jeunesse - \u00c9glise \u00c9vang\u00e9lique de Weislingen\" \/>\n<meta property=\"og:description\" content=\"\u00c9coDim \u00ab Mettez mes commandements dans votre c\u0153ur et dans votre \u00e2me. Vous les attacherez comme un signe sur vos mains et ils seront comme une marque entre vos yeux. [&hellip;]\" \/>\n<meta property=\"og:url\" content=\"https:\/\/egewe.fr\/index.php\/jeunesse\/\" \/>\n<meta property=\"og:site_name\" content=\"\u00c9glise \u00c9vang\u00e9lique de Weislingen\" \/>\n<meta property=\"article:modified_time\" content=\"2024-10-27T09:17:45+00:00\" \/>\n<meta property=\"og:image\" content=\"https:\/\/egewe.fr\/wp-content\/uploads\/2020\/09\/ensemble-1024x576.jpg\" \/>\n\t<meta property=\"og:image:width\" content=\"1024\" \/>\n\t<meta property=\"og:image:height\" content=\"576\" \/>\n\t<meta property=\"og:image:type\" content=\"image\/jpeg\" \/>\n<meta name=\"twitter:card\" content=\"summary_large_image\" \/>\n<meta name=\"twitter:label1\" content=\"Dur\u00e9e de lecture estim\u00e9e\" \/>\n\t<meta name=\"twitter:data1\" content=\"1 minute\" \/>\n<script type=\"application\/ld+json\" class=\"yoast-schema-graph\">{\"@context\":\"https:\\\/\\\/schema.org\",\"@graph\":[{\"@type\":\"WebPage\",\"@id\":\"https:\\\/\\\/egewe.fr\\\/index.php\\\/jeunesse\\\/\",\"url\":\"https:\\\/\\\/egewe.fr\\\/index.php\\\/jeunesse\\\/\",\"name\":\"Jeunesse - \u00c9glise \u00c9vang\u00e9lique de Weislingen\",\"isPartOf\":{\"@id\":\"https:\\\/\\\/egewe.fr\\\/#website\"},\"primaryImageOfPage\":{\"@id\":\"https:\\\/\\\/egewe.fr\\\/index.php\\\/jeunesse\\\/#primaryimage\"},\"image\":{\"@id\":\"https:\\\/\\\/egewe.fr\\\/index.php\\\/jeunesse\\\/#primaryimage\"},\"thumbnailUrl\":\"https:\\\/\\\/egewe.fr\\\/wp-content\\\/uploads\\\/2020\\\/09\\\/ensemble.jpg\",\"datePublished\":\"2020-09-02T14:14:37+00:00\",\"dateModified\":\"2024-10-27T09:17:45+00:00\",\"breadcrumb\":{\"@id\":\"https:\\\/\\\/egewe.fr\\\/index.php\\\/jeunesse\\\/#breadcrumb\"},\"inLanguage\":\"fr-FR\",\"potentialAction\":[{\"@type\":\"ReadAction\",\"target\":[\"https:\\\/\\\/egewe.fr\\\/index.php\\\/jeunesse\\\/\"]}]},{\"@type\":\"ImageObject\",\"inLanguage\":\"fr-FR\",\"@id\":\"https:\\\/\\\/egewe.fr\\\/index.php\\\/jeunesse\\\/#primaryimage\",\"url\":\"https:\\\/\\\/egewe.fr\\\/wp-content\\\/uploads\\\/2020\\\/09\\\/ensemble.jpg\",\"contentUrl\":\"https:\\\/\\\/egewe.fr\\\/wp-content\\\/uploads\\\/2020\\\/09\\\/ensemble.jpg\",\"width\":1920,\"height\":1080},{\"@type\":\"BreadcrumbList\",\"@id\":\"https:\\\/\\\/egewe.fr\\\/index.php\\\/jeunesse\\\/#breadcrumb\",\"itemListElement\":[{\"@type\":\"ListItem\",\"position\":1,\"name\":\"Accueil\",\"item\":\"https:\\\/\\\/egewe.fr\\\/\"},{\"@type\":\"ListItem\",\"position\":2,\"name\":\"Jeunesse\"}]},{\"@type\":\"WebSite\",\"@id\":\"https:\\\/\\\/egewe.fr\\\/#website\",\"url\":\"https:\\\/\\\/egewe.fr\\\/\",\"name\":\"\u00c9glise \u00c9vang\u00e9lique de Weislingen\",\"description\":\"\",\"publisher\":{\"@id\":\"https:\\\/\\\/egewe.fr\\\/#organization\"},\"potentialAction\":[{\"@type\":\"SearchAction\",\"target\":{\"@type\":\"EntryPoint\",\"urlTemplate\":\"https:\\\/\\\/egewe.fr\\\/?s={search_term_string}\"},\"query-input\":{\"@type\":\"PropertyValueSpecification\",\"valueRequired\":true,\"valueName\":\"search_term_string\"}}],\"inLanguage\":\"fr-FR\"},{\"@type\":\"Organization\",\"@id\":\"https:\\\/\\\/egewe.fr\\\/#organization\",\"name\":\"\u00c9glise \u00c9vang\u00e9lique de Weislingen\",\"url\":\"https:\\\/\\\/egewe.fr\\\/\",\"logo\":{\"@type\":\"ImageObject\",\"inLanguage\":\"fr-FR\",\"@id\":\"https:\\\/\\\/egewe.fr\\\/#\\\/schema\\\/logo\\\/image\\\/\",\"url\":\"https:\\\/\\\/egewe.fr\\\/wp-content\\\/uploads\\\/2026\\\/03\\\/Eglise-Evangelique-de-Weislingen.png\",\"contentUrl\":\"https:\\\/\\\/egewe.fr\\\/wp-content\\\/uploads\\\/2026\\\/03\\\/Eglise-Evangelique-de-Weislingen.png\",\"width\":1187,\"height\":264,\"caption\":\"\u00c9glise \u00c9vang\u00e9lique de Weislingen\"},\"image\":{\"@id\":\"https:\\\/\\\/egewe.fr\\\/#\\\/schema\\\/logo\\\/image\\\/\"}}]}<\/script>\n<!-- \/ Yoast SEO plugin. -->","yoast_head_json":{"title":"Jeunesse - \u00c9glise \u00c9vang\u00e9lique de Weislingen","robots":{"index":"index","follow":"follow","max-snippet":"max-snippet:-1","max-image-preview":"max-image-preview:large","max-video-preview":"max-video-preview:-1"},"canonical":"https:\/\/egewe.fr\/index.php\/jeunesse\/","og_locale":"fr_FR","og_type":"article","og_title":"Jeunesse - \u00c9glise \u00c9vang\u00e9lique de Weislingen","og_description":"\u00c9coDim \u00ab Mettez mes commandements dans votre c\u0153ur et dans votre \u00e2me. Vous les attacherez comme un signe sur vos mains et ils seront comme une marque entre vos yeux. [&hellip;]","og_url":"https:\/\/egewe.fr\/index.php\/jeunesse\/","og_site_name":"\u00c9glise \u00c9vang\u00e9lique de Weislingen","article_modified_time":"2024-10-27T09:17:45+00:00","og_image":[{"width":1024,"height":576,"url":"https:\/\/egewe.fr\/wp-content\/uploads\/2020\/09\/ensemble-1024x576.jpg","type":"image\/jpeg"}],"twitter_card":"summary_large_image","twitter_misc":{"Dur\u00e9e de lecture estim\u00e9e":"1 minute"},"schema":{"@context":"https:\/\/schema.org","@graph":[{"@type":"WebPage","@id":"https:\/\/egewe.fr\/index.php\/jeunesse\/","url":"https:\/\/egewe.fr\/index.php\/jeunesse\/","name":"Jeunesse - \u00c9glise \u00c9vang\u00e9lique de Weislingen","isPartOf":{"@id":"https:\/\/egewe.fr\/#website"},"primaryImageOfPage":{"@id":"https:\/\/egewe.fr\/index.php\/jeunesse\/#primaryimage"},"image":{"@id":"https:\/\/egewe.fr\/index.php\/jeunesse\/#primaryimage"},"thumbnailUrl":"https:\/\/egewe.fr\/wp-content\/uploads\/2020\/09\/ensemble.jpg","datePublished":"2020-09-02T14:14:37+00:00","dateModified":"2024-10-27T09:17:45+00:00","breadcrumb":{"@id":"https:\/\/egewe.fr\/index.php\/jeunesse\/#breadcrumb"},"inLanguage":"fr-FR","potentialAction":[{"@type":"ReadAction","target":["https:\/\/egewe.fr\/index.php\/jeunesse\/"]}]},{"@type":"ImageObject","inLanguage":"fr-FR","@id":"https:\/\/egewe.fr\/index.php\/jeunesse\/#primaryimage","url":"https:\/\/egewe.fr\/wp-content\/uploads\/2020\/09\/ensemble.jpg","contentUrl":"https:\/\/egewe.fr\/wp-content\/uploads\/2020\/09\/ensemble.jpg","width":1920,"height":1080},{"@type":"BreadcrumbList","@id":"https:\/\/egewe.fr\/index.php\/jeunesse\/#breadcrumb","itemListElement":[{"@type":"ListItem","position":1,"name":"Accueil","item":"https:\/\/egewe.fr\/"},{"@type":"ListItem","position":2,"name":"Jeunesse"}]},{"@type":"WebSite","@id":"https:\/\/egewe.fr\/#website","url":"https:\/\/egewe.fr\/","name":"\u00c9glise \u00c9vang\u00e9lique de Weislingen","description":"","publisher":{"@id":"https:\/\/egewe.fr\/#organization"},"potentialAction":[{"@type":"SearchAction","target":{"@type":"EntryPoint","urlTemplate":"https:\/\/egewe.fr\/?s={search_term_string}"},"query-input":{"@type":"PropertyValueSpecification","valueRequired":true,"valueName":"search_term_string"}}],"inLanguage":"fr-FR"},{"@type":"Organization","@id":"https:\/\/egewe.fr\/#organization","name":"\u00c9glise \u00c9vang\u00e9lique de Weislingen","url":"https:\/\/egewe.fr\/","logo":{"@type":"ImageObject","inLanguage":"fr-FR","@id":"https:\/\/egewe.fr\/#\/schema\/logo\/image\/","url":"https:\/\/egewe.fr\/wp-content\/uploads\/2026\/03\/Eglise-Evangelique-de-Weislingen.png","contentUrl":"https:\/\/egewe.fr\/wp-content\/uploads\/2026\/03\/Eglise-Evangelique-de-Weislingen.png","width":1187,"height":264,"caption":"\u00c9glise \u00c9vang\u00e9lique de Weislingen"},"image":{"@id":"https:\/\/egewe.fr\/#\/schema\/logo\/image\/"}}]}},"jetpack_sharing_enabled":true,"_links":{"self":[{"href":"https:\/\/egewe.fr\/index.php\/wp-json\/wp\/v2\/pages\/730","targetHints":{"allow":["GET"]}}],"collection":[{"href":"https:\/\/egewe.fr\/index.php\/wp-json\/wp\/v2\/pages"}],"about":[{"href":"https:\/\/egewe.fr\/index.php\/wp-json\/wp\/v2\/types\/page"}],"author":[{"embeddable":true,"href":"https:\/\/egewe.fr\/index.php\/wp-json\/wp\/v2\/users\/3"}],"replies":[{"embeddable":true,"href":"https:\/\/egewe.fr\/index.php\/wp-json\/wp\/v2\/comments?post=730"}],"version-history":[{"count":7,"href":"https:\/\/egewe.fr\/index.php\/wp-json\/wp\/v2\/pages\/730\/revisions"}],"predecessor-version":[{"id":7811,"href":"https:\/\/egewe.fr\/index.php\/wp-json\/wp\/v2\/pages\/730\/revisions\/7811"}],"wp:attachment":[{"href":"https:\/\/egewe.fr\/index.php\/wp-json\/wp\/v2\/media?parent=730"}],"curies":[{"name":"wp","href":"https:\/\/api.w.org\/{rel}","templated":true}]}}