{"id":4554,"date":"2023-02-14T10:05:20","date_gmt":"2023-02-14T09:05:20","guid":{"rendered":"https:\/\/egewe.fr\/?page_id=4554"},"modified":"2025-10-26T21:39:25","modified_gmt":"2025-10-26T20:39:25","slug":"ce-que-nous-croyons","status":"publish","type":"page","link":"https:\/\/egewe.fr\/index.php\/ce-que-nous-croyons\/","title":{"rendered":"Ce que nous croyons"},"content":{"rendered":"<div data-colibri-id=\"4554-c1\" class=\"style-1249 style-local-4554-c1 position-relative\">\n  <!---->\n  <div data-colibri-component=\"section\" data-colibri-id=\"4554-c2\" id=\"custom\" class=\"h-section h-section-global-spacing d-flex align-items-lg-center align-items-md-center align-items-center style-1250 style-local-4554-c2 position-relative\">\n    <!---->\n    <!---->\n    <div class=\"h-section-grid-container h-section-boxed-container\">\n      <!---->\n      <div data-colibri-id=\"4554-c3\" class=\"h-row-container gutters-row-lg-2 gutters-row-md-2 gutters-row-0 gutters-row-v-lg-2 gutters-row-v-md-2 gutters-row-v-2 style-1251 style-local-4554-c3 position-relative\">\n        <!---->\n        <div class=\"h-row justify-content-lg-center justify-content-md-center justify-content-center align-items-lg-stretch align-items-md-stretch align-items-stretch gutters-col-lg-2 gutters-col-md-2 gutters-col-0 gutters-col-v-lg-2 gutters-col-v-md-2 gutters-col-v-2\">\n          <!---->\n          <div class=\"h-column h-column-container d-flex h-col-lg-auto h-col-md-auto h-col-auto style-1252-outer style-local-4554-c4-outer\">\n            <div data-colibri-id=\"4554-c4\" class=\"d-flex h-flex-basis h-column__inner h-px-lg-2 h-px-md-2 h-px-2 v-inner-lg-2 v-inner-md-2 v-inner-2 style-1252 style-local-4554-c4 position-relative\">\n              <!---->\n              <!---->\n              <div class=\"w-100 h-y-container h-column__content h-column__v-align flex-basis-100 align-self-lg-start align-self-md-start align-self-start\">\n                <!---->\n                <div data-colibri-id=\"4554-c5\" class=\"h-divider style-1275 style-local-4554-c5 position-relative h-element\">\n                  <!----><span class=\"h-divider__line style-1275-line style-local-4554-c5-line style-1275-line style-local-4554-c5-line\"><\/span> <span class=\"h-svg-icon h-divider__icon style-1275-icon style-local-4554-c5-icon\"><!--Icon by Simple Line Icons (https:\/\/github.com\/thesabbir\/simple-line-icons)--><svg version=\"1.1\" xmlns=\"http:\/\/www.w3.org\/2000\/svg\" xmlns:xlink=\"http:\/\/www.w3.org\/1999\/xlink\" id=\"book-open\" viewBox=\"0 0 512.328 514.032\"><path d=\"M476.208 1.792l-211.52 57.296c-5.376 1.44-17.048 1.424-22.408-.08L36.208 1.904C17.816-3.16 0 10.104 0 29.04v389.056c0 16.048 12.168 31.392 27.656 35.704l206.08 57.112c5.512 1.528 12.608 2.376 19.968 2.376 5.048 0 12.504-.392 19.36-2.264l211.512-57.296c15.528-4.2 27.752-19.512 27.752-35.624V29.04c.008-18.92-17.808-32.232-36.12-27.248zm-236.04 477.696L35.704 422.96c-1.544-.424-3.704-3.248-3.704-4.856V34.088l201.736 55.768c1.952.544 4.144.968 6.432 1.328v388.304zm240.168-61.384c0 1.576-2.592 4.328-4.128 4.752l-204.04 55.264V90.16c.296-.072.6-.112.896-.192l207.264-56.064v384.2zM321.168 184.168c1.44 0 2.904-.184 4.344-.592l111.968-31.512c8.512-2.408 13.472-11.232 11.08-19.736s-11.28-13.44-19.736-11.08L316.856 152.76c-8.512 2.408-13.472 11.232-11.08 19.736 1.984 7.064 8.408 11.672 15.392 11.672zm0 96c1.44 0 2.904-.184 4.344-.592l111.968-31.512c8.512-2.408 13.472-11.232 11.08-19.736s-11.28-13.44-19.736-11.08L316.856 248.76c-8.512 2.408-13.472 11.232-11.08 19.728 1.984 7.064 8.408 11.68 15.392 11.68zm0 96c1.44 0 2.904-.184 4.344-.592l111.968-31.512c8.512-2.408 13.472-11.232 11.08-19.736s-11.28-13.44-19.736-11.08L316.856 344.76c-8.512 2.408-13.472 11.232-11.08 19.736 1.984 7.056 8.408 11.672 15.392 11.672zM197.48 152.76L85.512 121.248c-8.456-2.36-17.344 2.576-19.736 11.08s2.56 17.328 11.08 19.736l111.968 31.512c1.44.408 2.904.592 4.344.592 6.984 0 13.408-4.608 15.392-11.672 2.392-8.496-2.56-17.328-11.08-19.736zm0 96L85.512 217.248c-8.456-2.36-17.344 2.576-19.736 11.08s2.56 17.328 11.08 19.736l111.968 31.512c1.44.408 2.904.592 4.344.592 6.984 0 13.408-4.608 15.392-11.672 2.392-8.496-2.56-17.328-11.08-19.736zm0 96L85.512 313.248c-8.456-2.36-17.344 2.576-19.736 11.08s2.56 17.328 11.08 19.736l111.968 31.512c1.44.408 2.904.592 4.344.592 6.984 0 13.408-4.608 15.392-11.672 2.392-8.504-2.56-17.328-11.08-19.736z\"><\/path><\/svg><\/span>                  <span class=\"h-divider__line style-1275-line style-local-4554-c5-line style-1275-line style-local-4554-c5-line\"><\/span><\/div>\n                <div data-colibri-id=\"4554-c6\" class=\"h-text h-text-component style-1254 style-local-4554-c6 position-relative h-element\">\n                  <!---->\n                  <!---->\n                  <div class=\"\">\n                    <p><strong style=\"color: rgb(123, 86, 67); font-size: 200%; font-weight: 700; font-family: Handlee;\">La Bible<\/strong><\/p>\n                    <p><span style=\"font-family: Raleway; color: rgb(61, 50, 45);\">Nous croyons que Dieu se r\u00e9v\u00e8le par la Bible.<\/span><\/p>\n                  <\/div>\n                <\/div>\n              <\/div>\n            <\/div>\n          <\/div>\n          <div class=\"h-column h-column-container d-flex h-col-lg-auto h-col-md-auto h-col-auto style-1253-outer style-local-4554-c7-outer\">\n            <div data-colibri-id=\"4554-c7\" class=\"d-flex h-flex-basis h-column__inner h-px-lg-2 h-px-md-2 h-px-2 v-inner-lg-2 v-inner-md-2 v-inner-2 style-1253 style-local-4554-c7 position-relative\">\n              <!---->\n              <!---->\n              <div class=\"w-100 h-y-container h-column__content h-column__v-align flex-basis-100 align-self-lg-start align-self-md-start align-self-start\">\n                <!---->\n                <div data-colibri-id=\"4554-c8\" class=\"h-divider style-1275 style-local-4554-c8 position-relative h-element\">\n                  <!----><span class=\"h-divider__line style-1275-line style-local-4554-c8-line style-1275-line style-local-4554-c8-line\"><\/span> <span class=\"h-svg-icon h-divider__icon style-1275-icon style-local-4554-c8-icon\"><!--Icon by Icons8 Line Awesome (https:\/\/icons8.com\/line-awesome)--><svg version=\"1.1\" xmlns=\"http:\/\/www.w3.org\/2000\/svg\" xmlns:xlink=\"http:\/\/www.w3.org\/1999\/xlink\" id=\"chain\" viewBox=\"0 0 512 545.5\"><path d=\"M348 96c26.736 0 51.603 10.572 70.5 29.5 18.912 18.912 29.5 43.764 29.5 70.5s-10.588 52.088-29.5 71L395 290.5c-18.896 18.928-44.264 29.5-71 29.5-12.688 0-25.044-2.44-36.5-7l26-26c3.44.608 6.916 1 10.5 1 18.208 0 35.62-7.12 48.5-20l23.5-23.5c26.56-26.56 26.56-69.956 0-96.5-12.864-12.88-29.808-20-48-20-18.208 0-35.636 7.104-48.5 20L276 171.5c-15.952 15.935-22.264 38.28-19 59l-26 26c-4.56-11.456-7-23.796-7-36.5 0-26.736 10.588-52.088 29.5-71l23.5-23.5c18.896-18.928 44.264-29.5 71-29.5zm-39.5 116.5l23 23-128 128-23-23zM188 256c12.688 0 25.044 2.44 36.5 7l-26 26c-3.44-.608-6.916-1-10.5-1-18.208 0-35.62 7.12-48.5 20L116 331.5c-26.56 26.56-26.56 69.956 0 96.5 12.864 12.88 29.808 20 48 20 18.208 0 35.636-7.104 48.5-20l23.5-23.5c15.952-15.935 22.264-38.28 19-59l26-26c4.56 11.456 7 23.796 7 36.5 0 26.736-10.588 52.088-29.5 71L235 450.5c-18.896 18.928-44.264 29.5-71 29.5s-51.603-10.572-70.5-29.5C74.588 431.588 64 406.736 64 380s10.588-52.088 29.5-71l23.5-23.5c18.896-18.928 44.264-29.5 71-29.5z\"><\/path><\/svg><\/span>                  <span class=\"h-divider__line style-1275-line style-local-4554-c8-line style-1275-line style-local-4554-c8-line\"><\/span><\/div>\n                <div data-colibri-id=\"4554-c9\" class=\"h-text h-text-component style-1255 style-local-4554-c9 position-relative h-element\">\n                  <!---->\n                  <!---->\n                  <div class=\"\">\n                    <p><strong style=\"color: rgb(123, 86, 67); font-size: 200%; font-weight: 700; font-family: Handlee;\">P\u00e9cheur<\/strong><\/p>\n                    <p><span style=\"font-family: Raleway; color: rgb(61, 50, 45);\">Nous croyons que chaque homme est p\u00e9cheur et ainsi destin\u00e9 \u00e0 la col\u00e8re de Dieu.<\/span><\/p>\n                  <\/div>\n                <\/div>\n              <\/div>\n            <\/div>\n          <\/div>\n        <\/div>\n      <\/div>\n      <div data-colibri-id=\"4554-c10\" class=\"h-row-container gutters-row-lg-2 gutters-row-md-2 gutters-row-0 gutters-row-v-lg-2 gutters-row-v-md-2 gutters-row-v-2 style-1251 style-local-4554-c10 position-relative\">\n        <!---->\n        <div class=\"h-row justify-content-lg-center justify-content-md-center justify-content-center align-items-lg-stretch align-items-md-stretch align-items-stretch gutters-col-lg-2 gutters-col-md-2 gutters-col-0 gutters-col-v-lg-2 gutters-col-v-md-2 gutters-col-v-2\">\n          <!---->\n          <div class=\"h-column h-column-container d-flex h-col-lg-auto h-col-md-auto h-col-auto style-1252-outer style-local-4554-c11-outer\">\n            <div data-colibri-id=\"4554-c11\" class=\"d-flex h-flex-basis h-column__inner h-px-lg-2 h-px-md-2 h-px-2 v-inner-lg-2 v-inner-md-2 v-inner-2 style-1252 style-local-4554-c11 position-relative\">\n              <!---->\n              <!---->\n              <div class=\"w-100 h-y-container h-column__content h-column__v-align flex-basis-100 align-self-lg-start align-self-md-start align-self-start\">\n                <!---->\n                <div data-colibri-id=\"4554-c12\" class=\"h-divider style-1275 style-local-4554-c12 position-relative h-element\">\n                  <!----><span class=\"h-divider__line style-1275-line style-local-4554-c12-line style-1275-line style-local-4554-c12-line\"><\/span> <span class=\"h-svg-icon h-divider__icon style-1275-icon style-local-4554-c12-icon\"><!--Icon by Font Awesome (https:\/\/fontawesome.com)-->\n    <svg version=\"1.1\" xmlns=\"http:\/\/www.w3.org\/2000\/svg\" xmlns:xlink=\"http:\/\/www.w3.org\/1999\/xlink\" id=\"heart-o\" viewBox=\"0 0 1792 1896.0833\">\n      <path d=\"M1664 596q0-81-21.5-143t-55-98.5T1506 295t-94-31-98-8-112 25.5-110.5 64-86.5 72-60 61.5q-18 22-49 22t-49-22q-24-28-60-61.5t-86.5-72-110.5-64T478 256t-98 8-94 31-81.5 59.5-55 98.5T128 596q0 168 187 355l581 560 580-559q188-188 188-356zm128 0q0 221-229 450l-623 600q-18 18-44 18t-44-18l-624-602q-10-8-27.5-26T145 952.5 77 855 23.5 734 0 596q0-220 127-344t351-124q62 0 126.5 21.5t120 58T820 276t76 68q36-36 76-68t95.5-68.5 120-58T1314 128q224 0 351 124t127 344z\"><\/path>\n    <\/svg><\/span> <span class=\"h-divider__line style-1275-line style-local-4554-c12-line style-1275-line style-local-4554-c12-line\"><\/span><\/div>\n                <div data-colibri-id=\"4554-c13\" class=\"h-text h-text-component style-1254 style-local-4554-c13 position-relative h-element\">\n                  <!---->\n                  <!---->\n                  <div class=\"\">\n                    <p><strong style=\"color: rgb(123, 86, 67); font-family: Handlee; font-weight: 700; font-size: 200%;\">J\u00e9sus<\/strong><\/p>\n                    <p><span style=\"font-family: Raleway; color: rgb(61, 50, 45);\">Nous croyons que Dieu a envoy\u00e9 J\u00e9sus son fils, pour devenir un homme afin de mourir sur la croix pour y \u00eatre puni \u00e0 la place de tous les hommes. Nous croyons que J\u00e9sus est ressuscit\u00e9.<\/span><\/p>\n                  <\/div>\n                <\/div>\n              <\/div>\n            <\/div>\n          <\/div>\n          <div class=\"h-column h-column-container d-flex h-col-lg-auto h-col-md-auto h-col-auto style-1253-outer style-local-4554-c14-outer\">\n            <div data-colibri-id=\"4554-c14\" class=\"d-flex h-flex-basis h-column__inner h-px-lg-2 h-px-md-2 h-px-2 v-inner-lg-2 v-inner-md-2 v-inner-2 style-1253 style-local-4554-c14 position-relative\">\n              <!---->\n              <!---->\n              <div class=\"w-100 h-y-container h-column__content h-column__v-align flex-basis-100 align-self-lg-start align-self-md-start align-self-start\">\n                <!---->\n                <div data-colibri-id=\"4554-c15\" class=\"h-divider style-1275 style-local-4554-c15 position-relative h-element\">\n                  <!----><span class=\"h-divider__line style-1275-line style-local-4554-c15-line style-1275-line style-local-4554-c15-line\"><\/span> <span class=\"h-svg-icon h-divider__icon style-1275-icon style-local-4554-c15-icon\"><!--Icon by Icons8 Line Awesome (https:\/\/icons8.com\/line-awesome)--><svg version=\"1.1\" xmlns=\"http:\/\/www.w3.org\/2000\/svg\" xmlns:xlink=\"http:\/\/www.w3.org\/1999\/xlink\" id=\"gift\" viewBox=\"0 0 512 545.5\"><path d=\"M192 112c27.982 0 47.03 21.267 59.5 39 1.67 2.375 3.03 4.682 4.5 7 1.47-2.318 2.83-4.625 4.5-7 12.47-17.733 31.518-39 59.5-39 26.32 0 48 21.68 48 48 0 5.647-1.172 10.948-3 16h83v96h-16v208H80V272H64v-96h83c-1.828-5.052-3-10.352-3-16 0-26.32 21.68-48 48-48zm0 32c-9.04 0-16 6.96-16 16s6.96 16 16 16h37c-1.934-3.292-1.56-3.527-4-7-10.03-14.267-22.982-25-33-25zm128 0c-10.018 0-22.97 10.733-33 25-2.44 3.473-2.066 3.708-4 7h37c9.04 0 16-6.96 16-16s-6.96-16-16-16zM96 208v32h144v-16h32v16h144v-32H96zm16 64v176h128V288h32v160h128V272H112z\"><\/path><\/svg><\/span>                  <span class=\"h-divider__line style-1275-line style-local-4554-c15-line style-1275-line style-local-4554-c15-line\"><\/span><\/div>\n                <div data-colibri-id=\"4554-c16\" class=\"h-text h-text-component style-1255 style-local-4554-c16 position-relative h-element\">\n                  <!---->\n                  <!---->\n                  <div class=\"\">\n                    <p><strong style=\"color: rgb(123, 86, 67); font-size: 200%; font-weight: 700; font-family: Handlee;\">Pardon<\/strong><\/p>\n                    <p><span style=\"font-family: Raleway; color: rgb(61, 50, 45);\">Nous croyons que Dieu offre son pardon \u00e0 tous ceux qui placent leur confiance en J\u00e9sus-Christ, seul sauveur.<\/span><\/p>\n                  <\/div>\n                <\/div>\n              <\/div>\n            <\/div>\n          <\/div>\n        <\/div>\n      <\/div>\n      <div data-colibri-id=\"4554-c17\" class=\"h-row-container gutters-row-lg-2 gutters-row-md-2 gutters-row-0 gutters-row-v-lg-2 gutters-row-v-md-2 gutters-row-v-2 style-1251 style-local-4554-c17 position-relative\">\n        <!---->\n        <div class=\"h-row justify-content-lg-center justify-content-md-center justify-content-center align-items-lg-stretch align-items-md-stretch align-items-stretch gutters-col-lg-2 gutters-col-md-2 gutters-col-0 gutters-col-v-lg-2 gutters-col-v-md-2 gutters-col-v-2\">\n          <!---->\n          <div class=\"h-column h-column-container d-flex h-col-lg-auto h-col-md-auto h-col-auto style-1252-outer style-local-4554-c18-outer\">\n            <div data-colibri-id=\"4554-c18\" class=\"d-flex h-flex-basis h-column__inner h-px-lg-2 h-px-md-2 h-px-2 v-inner-lg-2 v-inner-md-2 v-inner-2 style-1252 style-local-4554-c18 position-relative\">\n              <!---->\n              <!---->\n              <div class=\"w-100 h-y-container h-column__content h-column__v-align flex-basis-100 align-self-lg-start align-self-md-start align-self-start\">\n                <!---->\n                <div data-colibri-id=\"4554-c19\" class=\"h-divider style-1517 style-local-4554-c19 position-relative h-element\">\n                  <!----><span class=\"h-divider__line style-1517-line style-local-4554-c19-line style-1517-line style-local-4554-c19-line\"><\/span><\/div>\n                <div data-colibri-id=\"4554-c20\" class=\"h-text h-text-component style-1254 style-local-4554-c20 position-relative h-element\">\n                  <!---->\n                  <!---->\n                  <div class=\"\">\n                    <p><span style=\"color: rgb(123, 86, 67); font-family: Handlee; font-size: 200%;\">Notre confession de foi<\/span><\/p>\n                    <p><span style=\"font-family: Raleway; color: rgb(61, 50, 45);\">Ce que nous croyons est d\u00e9clar\u00e9 dans notre <\/span><span style=\"font-family: Raleway; font-weight: 600; color: rgb(61, 50, 45);\">confession de foi<\/span><span style=\"font-family: Raleway; color: rgb(61, 50, 45);\"> : elle constitue l&rsquo;\u00e9l\u00e9ment f\u00e9d\u00e9rateur entre les membres de l\u2019\u00e9glise. <\/span><\/p>\n                    <p><span style=\"font-family: Raleway; color: rgb(61, 50, 45);\">Elle est aussi celle des \u00c9glises du R\u00e9seau FEF.<\/span><\/p>\n                  <\/div>\n                <\/div>\n              <\/div>\n            <\/div>\n          <\/div>\n          <div class=\"h-column h-column-container d-flex h-col-lg-auto h-col-md-auto h-col-auto style-1256-outer style-local-4554-c21-outer\">\n            <div data-colibri-id=\"4554-c21\" class=\"d-flex h-flex-basis h-column__inner h-px-lg-2 h-px-md-2 h-px-2 v-inner-lg-2 v-inner-md-2 v-inner-2 style-1256 style-local-4554-c21 position-relative\">\n              <!---->\n              <!---->\n              <div class=\"w-100 h-y-container h-column__content h-column__v-align flex-basis-100 align-self-lg-start align-self-md-start align-self-start\">\n                <!---->\n                <div data-colibri-id=\"4554-c22\" class=\"h-x-container style-1257 style-local-4554-c22 position-relative h-element\">\n                  <!---->\n                  <div class=\"h-x-container-inner style-dynamic-4554-c22-group style-1257-spacing style-local-4554-c22-spacing\"><span class=\"h-button__outer style-1258-outer style-local-4554-c23-outer d-inline-flex h-element\"><a h-use-smooth-scroll=\"true\" href=\"https:\/\/egewe.fr\/wp-content\/uploads\/2023\/02\/confession-foi-reseaufef-versionrefbibliques-110321.pdf\" target=\"_blank\"  data-colibri-id=\"4554-c23\" class=\"d-flex w-100 align-items-center h-button justify-content-lg-center justify-content-md-center justify-content-center style-1258 style-local-4554-c23 position-relative\"><!----><!----> <span>Confession de foi d\u00e9taill\u00e9e<\/span><\/a>\n                    <\/span>\n                  <\/div>\n                <\/div>\n              <\/div>\n            <\/div>\n          <\/div>\n        <\/div>\n      <\/div>\n    <\/div>\n  <\/div>\n<\/div>","protected":false},"excerpt":{"rendered":"<p>La Bible Nous croyons que Dieu se r\u00e9v\u00e8le par la Bible. P\u00e9cheur Nous croyons que chaque homme est p\u00e9cheur et ainsi destin\u00e9 \u00e0 la col\u00e8re de Dieu. J\u00e9sus Nous croyons [&hellip;]<\/p>\n","protected":false},"author":2,"featured_media":0,"parent":0,"menu_order":0,"comment_status":"closed","ping_status":"closed","template":"page-templates\/full-width-page.php","meta":{"_EventAllDay":false,"_EventTimezone":"","_EventStartDate":"","_EventEndDate":"","_EventStartDateUTC":"","_EventEndDateUTC":"","_EventShowMap":false,"_EventShowMapLink":false,"_EventURL":"","_EventCost":"","_EventCostDescription":"","_EventCurrencySymbol":"","_EventCurrencyCode":"","_EventCurrencyPosition":"","_EventDateTimeSeparator":"","_EventTimeRangeSeparator":"","_EventOrganizerID":[],"_EventVenueID":[],"_OrganizerEmail":"","_OrganizerPhone":"","_OrganizerWebsite":"","_VenueAddress":"","_VenueCity":"","_VenueCountry":"","_VenueProvince":"","_VenueState":"","_VenueZip":"","_VenuePhone":"","_VenueURL":"","_VenueStateProvince":"","_VenueLat":"","_VenueLng":"","_VenueShowMap":false,"_VenueShowMapLink":false,"footnotes":""},"class_list":["post-4554","page","type-page","status-publish","hentry"],"yoast_head":"<!-- This site is optimized with the Yoast SEO plugin v27.5 - https:\/\/yoast.com\/product\/yoast-seo-wordpress\/ -->\n<title>Ce que nous croyons - \u00c9glise \u00c9vang\u00e9lique de Weislingen<\/title>\n<meta name=\"robots\" content=\"index, follow, max-snippet:-1, max-image-preview:large, max-video-preview:-1\" \/>\n<link rel=\"canonical\" href=\"https:\/\/egewe.fr\/index.php\/ce-que-nous-croyons\/\" \/>\n<meta property=\"og:locale\" content=\"fr_FR\" \/>\n<meta property=\"og:type\" content=\"article\" \/>\n<meta property=\"og:title\" content=\"Ce que nous croyons - \u00c9glise \u00c9vang\u00e9lique de Weislingen\" \/>\n<meta property=\"og:description\" content=\"La Bible Nous croyons que Dieu se r\u00e9v\u00e8le par la Bible. P\u00e9cheur Nous croyons que chaque homme est p\u00e9cheur et ainsi destin\u00e9 \u00e0 la col\u00e8re de Dieu. J\u00e9sus Nous croyons [&hellip;]\" \/>\n<meta property=\"og:url\" content=\"https:\/\/egewe.fr\/index.php\/ce-que-nous-croyons\/\" \/>\n<meta property=\"og:site_name\" content=\"\u00c9glise \u00c9vang\u00e9lique de Weislingen\" \/>\n<meta property=\"article:modified_time\" content=\"2025-10-26T20:39:25+00:00\" \/>\n<meta name=\"twitter:card\" content=\"summary_large_image\" \/>\n<script type=\"application\/ld+json\" class=\"yoast-schema-graph\">{\"@context\":\"https:\\\/\\\/schema.org\",\"@graph\":[{\"@type\":\"WebPage\",\"@id\":\"https:\\\/\\\/egewe.fr\\\/index.php\\\/ce-que-nous-croyons\\\/\",\"url\":\"https:\\\/\\\/egewe.fr\\\/index.php\\\/ce-que-nous-croyons\\\/\",\"name\":\"Ce que nous croyons - \u00c9glise \u00c9vang\u00e9lique de Weislingen\",\"isPartOf\":{\"@id\":\"https:\\\/\\\/egewe.fr\\\/#website\"},\"datePublished\":\"2023-02-14T09:05:20+00:00\",\"dateModified\":\"2025-10-26T20:39:25+00:00\",\"breadcrumb\":{\"@id\":\"https:\\\/\\\/egewe.fr\\\/index.php\\\/ce-que-nous-croyons\\\/#breadcrumb\"},\"inLanguage\":\"fr-FR\",\"potentialAction\":[{\"@type\":\"ReadAction\",\"target\":[\"https:\\\/\\\/egewe.fr\\\/index.php\\\/ce-que-nous-croyons\\\/\"]}]},{\"@type\":\"BreadcrumbList\",\"@id\":\"https:\\\/\\\/egewe.fr\\\/index.php\\\/ce-que-nous-croyons\\\/#breadcrumb\",\"itemListElement\":[{\"@type\":\"ListItem\",\"position\":1,\"name\":\"Accueil\",\"item\":\"https:\\\/\\\/egewe.fr\\\/\"},{\"@type\":\"ListItem\",\"position\":2,\"name\":\"Ce que nous croyons\"}]},{\"@type\":\"WebSite\",\"@id\":\"https:\\\/\\\/egewe.fr\\\/#website\",\"url\":\"https:\\\/\\\/egewe.fr\\\/\",\"name\":\"\u00c9glise \u00c9vang\u00e9lique de Weislingen\",\"description\":\"\",\"publisher\":{\"@id\":\"https:\\\/\\\/egewe.fr\\\/#organization\"},\"potentialAction\":[{\"@type\":\"SearchAction\",\"target\":{\"@type\":\"EntryPoint\",\"urlTemplate\":\"https:\\\/\\\/egewe.fr\\\/?s={search_term_string}\"},\"query-input\":{\"@type\":\"PropertyValueSpecification\",\"valueRequired\":true,\"valueName\":\"search_term_string\"}}],\"inLanguage\":\"fr-FR\"},{\"@type\":\"Organization\",\"@id\":\"https:\\\/\\\/egewe.fr\\\/#organization\",\"name\":\"\u00c9glise \u00c9vang\u00e9lique de Weislingen\",\"url\":\"https:\\\/\\\/egewe.fr\\\/\",\"logo\":{\"@type\":\"ImageObject\",\"inLanguage\":\"fr-FR\",\"@id\":\"https:\\\/\\\/egewe.fr\\\/#\\\/schema\\\/logo\\\/image\\\/\",\"url\":\"https:\\\/\\\/egewe.fr\\\/wp-content\\\/uploads\\\/2026\\\/03\\\/Eglise-Evangelique-de-Weislingen.png\",\"contentUrl\":\"https:\\\/\\\/egewe.fr\\\/wp-content\\\/uploads\\\/2026\\\/03\\\/Eglise-Evangelique-de-Weislingen.png\",\"width\":1187,\"height\":264,\"caption\":\"\u00c9glise \u00c9vang\u00e9lique de Weislingen\"},\"image\":{\"@id\":\"https:\\\/\\\/egewe.fr\\\/#\\\/schema\\\/logo\\\/image\\\/\"}}]}<\/script>\n<!-- \/ Yoast SEO plugin. -->","yoast_head_json":{"title":"Ce que nous croyons - \u00c9glise \u00c9vang\u00e9lique de Weislingen","robots":{"index":"index","follow":"follow","max-snippet":"max-snippet:-1","max-image-preview":"max-image-preview:large","max-video-preview":"max-video-preview:-1"},"canonical":"https:\/\/egewe.fr\/index.php\/ce-que-nous-croyons\/","og_locale":"fr_FR","og_type":"article","og_title":"Ce que nous croyons - \u00c9glise \u00c9vang\u00e9lique de Weislingen","og_description":"La Bible Nous croyons que Dieu se r\u00e9v\u00e8le par la Bible. P\u00e9cheur Nous croyons que chaque homme est p\u00e9cheur et ainsi destin\u00e9 \u00e0 la col\u00e8re de Dieu. J\u00e9sus Nous croyons [&hellip;]","og_url":"https:\/\/egewe.fr\/index.php\/ce-que-nous-croyons\/","og_site_name":"\u00c9glise \u00c9vang\u00e9lique de Weislingen","article_modified_time":"2025-10-26T20:39:25+00:00","twitter_card":"summary_large_image","schema":{"@context":"https:\/\/schema.org","@graph":[{"@type":"WebPage","@id":"https:\/\/egewe.fr\/index.php\/ce-que-nous-croyons\/","url":"https:\/\/egewe.fr\/index.php\/ce-que-nous-croyons\/","name":"Ce que nous croyons - \u00c9glise \u00c9vang\u00e9lique de Weislingen","isPartOf":{"@id":"https:\/\/egewe.fr\/#website"},"datePublished":"2023-02-14T09:05:20+00:00","dateModified":"2025-10-26T20:39:25+00:00","breadcrumb":{"@id":"https:\/\/egewe.fr\/index.php\/ce-que-nous-croyons\/#breadcrumb"},"inLanguage":"fr-FR","potentialAction":[{"@type":"ReadAction","target":["https:\/\/egewe.fr\/index.php\/ce-que-nous-croyons\/"]}]},{"@type":"BreadcrumbList","@id":"https:\/\/egewe.fr\/index.php\/ce-que-nous-croyons\/#breadcrumb","itemListElement":[{"@type":"ListItem","position":1,"name":"Accueil","item":"https:\/\/egewe.fr\/"},{"@type":"ListItem","position":2,"name":"Ce que nous croyons"}]},{"@type":"WebSite","@id":"https:\/\/egewe.fr\/#website","url":"https:\/\/egewe.fr\/","name":"\u00c9glise \u00c9vang\u00e9lique de Weislingen","description":"","publisher":{"@id":"https:\/\/egewe.fr\/#organization"},"potentialAction":[{"@type":"SearchAction","target":{"@type":"EntryPoint","urlTemplate":"https:\/\/egewe.fr\/?s={search_term_string}"},"query-input":{"@type":"PropertyValueSpecification","valueRequired":true,"valueName":"search_term_string"}}],"inLanguage":"fr-FR"},{"@type":"Organization","@id":"https:\/\/egewe.fr\/#organization","name":"\u00c9glise \u00c9vang\u00e9lique de Weislingen","url":"https:\/\/egewe.fr\/","logo":{"@type":"ImageObject","inLanguage":"fr-FR","@id":"https:\/\/egewe.fr\/#\/schema\/logo\/image\/","url":"https:\/\/egewe.fr\/wp-content\/uploads\/2026\/03\/Eglise-Evangelique-de-Weislingen.png","contentUrl":"https:\/\/egewe.fr\/wp-content\/uploads\/2026\/03\/Eglise-Evangelique-de-Weislingen.png","width":1187,"height":264,"caption":"\u00c9glise \u00c9vang\u00e9lique de Weislingen"},"image":{"@id":"https:\/\/egewe.fr\/#\/schema\/logo\/image\/"}}]}},"jetpack_sharing_enabled":true,"_links":{"self":[{"href":"https:\/\/egewe.fr\/index.php\/wp-json\/wp\/v2\/pages\/4554","targetHints":{"allow":["GET"]}}],"collection":[{"href":"https:\/\/egewe.fr\/index.php\/wp-json\/wp\/v2\/pages"}],"about":[{"href":"https:\/\/egewe.fr\/index.php\/wp-json\/wp\/v2\/types\/page"}],"author":[{"embeddable":true,"href":"https:\/\/egewe.fr\/index.php\/wp-json\/wp\/v2\/users\/2"}],"replies":[{"embeddable":true,"href":"https:\/\/egewe.fr\/index.php\/wp-json\/wp\/v2\/comments?post=4554"}],"version-history":[{"count":18,"href":"https:\/\/egewe.fr\/index.php\/wp-json\/wp\/v2\/pages\/4554\/revisions"}],"predecessor-version":[{"id":9558,"href":"https:\/\/egewe.fr\/index.php\/wp-json\/wp\/v2\/pages\/4554\/revisions\/9558"}],"wp:attachment":[{"href":"https:\/\/egewe.fr\/index.php\/wp-json\/wp\/v2\/media?parent=4554"}],"curies":[{"name":"wp","href":"https:\/\/api.w.org\/{rel}","templated":true}]}}