{"id":3202,"date":"2022-04-11T08:04:00","date_gmt":"2022-04-11T06:04:00","guid":{"rendered":"https:\/\/egewe.fr\/?page_id=3202"},"modified":"2024-11-12T10:10:52","modified_gmt":"2024-11-12T09:10:52","slug":"enregistrement-audio-du-petit-dejeuner-feminin","status":"publish","type":"page","link":"https:\/\/egewe.fr\/index.php\/petit-dejeuner-feminin\/enregistrement-audio-du-petit-dejeuner-feminin\/","title":{"rendered":"Enregistrement du Petit D\u00e9jeuner F\u00e9minin"},"content":{"rendered":"<div data-colibri-id=\"3202-c1\" class=\"style-1348 style-local-3202-c1 position-relative\">\n  <!---->\n  <div data-colibri-component=\"section\" data-colibri-id=\"3202-c2\" id=\"initial-content\" class=\"h-section h-section-global-spacing d-flex align-items-lg-center align-items-md-center align-items-center style-1349 style-local-3202-c2 position-relative\">\n    <!---->\n    <!---->\n    <div class=\"h-section-grid-container h-section-boxed-container\">\n      <!---->\n      <div data-colibri-id=\"3202-c3\" class=\"h-row-container gutters-row-lg-2 gutters-row-md-2 gutters-row-0 gutters-row-v-lg-2 gutters-row-v-md-2 gutters-row-v-2 style-1561 style-local-3202-c3 position-relative\">\n        <!---->\n        <div class=\"h-row justify-content-lg-center justify-content-md-center justify-content-center align-items-lg-stretch align-items-md-stretch align-items-stretch gutters-col-lg-2 gutters-col-md-2 gutters-col-0 gutters-col-v-lg-2 gutters-col-v-md-2 gutters-col-v-2\">\n          <!---->\n          <div class=\"h-column h-column-container d-flex h-col-lg-auto h-col-md-auto h-col-auto style-1563-outer style-local-3202-c4-outer\">\n            <div data-colibri-id=\"3202-c4\" class=\"d-flex h-flex-basis h-column__inner h-px-lg-2 h-px-md-2 h-px-2 v-inner-lg-2 v-inner-md-2 v-inner-2 style-1563 style-local-3202-c4 position-relative\">\n              <!---->\n              <!---->\n              <div class=\"w-100 h-y-container h-column__content h-column__v-align flex-basis-100 align-self-lg-start align-self-md-start align-self-start\">\n                <!---->\n                <div data-colibri-id=\"3202-c5\" class=\"h-text h-text-component style-1564 style-local-3202-c5 position-relative h-element\">\n                  <!---->\n                  <!---->\n                  <div class=\"\">\n                    <p><span style=\"font-weight: 400; font-size: 16px; font-family: Raleway; color: rgb(61, 50, 45);\">Retrouvez ci-dessous l&rsquo;enregistrement du dernier Petit D\u00e9jeuner F\u00e9minin<\/span><\/p>\n                  <\/div>\n                <\/div>\n              <\/div>\n            <\/div>\n          <\/div>\n        <\/div>\n      <\/div>\n      <div data-colibri-id=\"3202-c6\" class=\"h-row-container gutters-row-lg-0 gutters-row-md-0 gutters-row-0 gutters-row-v-lg-0 gutters-row-v-md-0 gutters-row-v-0 style-1350 style-local-3202-c6 position-relative\">\n        <!---->\n        <div class=\"h-row justify-content-lg-center justify-content-md-center justify-content-center align-items-lg-stretch align-items-md-stretch align-items-stretch gutters-col-lg-0 gutters-col-md-0 gutters-col-0 gutters-col-v-lg-0 gutters-col-v-md-0 gutters-col-v-0\">\n          <!---->\n          <div class=\"h-column h-column-container d-flex h-col-lg-auto h-col-md-auto h-col-auto style-1351-outer style-local-3202-c7-outer\">\n            <div data-colibri-id=\"3202-c7\" class=\"d-flex h-flex-basis h-column__inner h-px-lg-0 h-px-md-0 h-px-0 v-inner-lg-0 v-inner-md-0 v-inner-0 style-1351 style-local-3202-c7 position-relative\">\n              <!---->\n              <!---->\n              <div class=\"w-100 h-y-container h-column__content h-column__v-align flex-basis-100 align-self-lg-start align-self-md-start align-self-start\">\n                <!---->\n                <div data-colibri-id=\"3202-c8\" class=\"h-text h-text-component style-1552 style-local-3202-c8 position-relative h-element\">\n                  <!---->\n                  <!---->\n                  <div class=\"\">\n                    <p><span style=\"color: rgb(123, 86, 67); font-size: 200%; font-family: Handlee;\">\u00ab\u00a0Mon chemin de r\u00e9silience\u00a0\u00bb<\/span><\/p>\n                    <p><span style=\"font-size: 139%; font-family: Handlee; color: rgb(61, 50, 45);\">Nathalie Mollot &#8211; le 19 Octobre 2024<\/span><\/p>\n                  <\/div>\n                <\/div>\n              <\/div>\n            <\/div>\n          <\/div>\n          <div class=\"h-column h-column-container d-flex h-col-lg-auto h-col-md-auto h-col-auto style-1560-outer style-local-3202-c9-outer\">\n            <div data-colibri-id=\"3202-c9\" class=\"d-flex h-flex-basis h-column__inner h-px-lg-0 h-px-md-0 h-px-0 v-inner-lg-0 v-inner-md-0 v-inner-0 style-1560 style-local-3202-c9 position-relative\">\n              <!---->\n              <!---->\n              <div class=\"w-100 h-y-container h-column__content h-column__v-align flex-basis-100 align-self-lg-center align-self-md-center align-self-center\">\n                <!---->\n                <div data-colibri-id=\"3202-c10\" class=\"h-x-container style-1553 style-local-3202-c10 position-relative h-element\">\n                  <!---->\n                  <div class=\"h-x-container-inner style-dynamic-3202-c10-group style-1553-spacing style-local-3202-c10-spacing\"><span class=\"h-button__outer style-1554-outer style-local-3202-c11-outer d-inline-flex h-element\"><a h-use-smooth-scroll=\"true\" href=\"https:\/\/egewe.fr\/wp-content\/uploads\/2024\/11\/PDF_241019_Natalie_Mollot.mp3\"  data-colibri-id=\"3202-c11\" class=\"d-flex w-100 align-items-center h-button justify-content-lg-center justify-content-md-center justify-content-center style-1554 style-local-3202-c11 position-relative\"><!----><span  class=\"h-svg-icon h-button__icon style-1554-icon style-local-3202-c11-icon\"><!--Icon by Font Awesome (https:\/\/fontawesome.com)-->\n    <svg version=\"1.1\" xmlns=\"http:\/\/www.w3.org\/2000\/svg\" xmlns:xlink=\"http:\/\/www.w3.org\/1999\/xlink\" id=\"volume-up\" viewBox=\"0 0 1664 1896.0833\">\n      <path d=\"M768 352v1088q0 26-19 45t-45 19-45-19l-333-333H64q-26 0-45-19t-19-45V704q0-26 19-45t45-19h262l333-333q19-19 45-19t45 19 19 45zm384 544q0 76-42.5 141.5T997 1131q-10 5-25 5-26 0-45-18.5t-19-45.5q0-21 12-35.5t29-25 34-23 29-36 12-56.5-12-56.5-29-36-34-23-29-25-12-35.5q0-27 19-45.5t45-18.5q15 0 25 5 70 27 112.5 93t42.5 142zm256 0q0 153-85 282.5T1098 1367q-13 5-25 5-27 0-46-19t-19-45q0-39 39-59 56-29 76-44 74-54 115.5-135.5T1280 896t-41.5-173.5T1123 587q-20-15-76-44-39-20-39-59 0-26 19-45t45-19q13 0 26 5 140 59 225 188.5t85 282.5zm256 0q0 230-127 422.5T1199 1602q-13 5-26 5-26 0-45-19t-19-45q0-36 39-59 7-4 22.5-10.5t22.5-10.5q46-25 82-51 123-91 192-227t69-289-69-289-192-227q-36-26-82-51-7-4-22.5-10.5T1148 308q-39-23-39-59 0-26 19-45t45-19q13 0 26 5 211 91 338 283.5T1664 896z\"><\/path>\n    <\/svg><\/span> <span>\u00c9COUTER LE REPLAY<\/span><\/a>\n                    <\/span>\n                  <\/div>\n                <\/div>\n              <\/div>\n            <\/div>\n          <\/div>\n        <\/div>\n      <\/div>\n      <div data-colibri-id=\"3202-c12\" class=\"h-row-container gutters-row-lg-2 gutters-row-md-2 gutters-row-0 gutters-row-v-lg-2 gutters-row-v-md-2 gutters-row-v-2 style-1565 style-local-3202-c12 position-relative\">\n        <!---->\n        <div class=\"h-row justify-content-lg-center justify-content-md-center justify-content-center align-items-lg-stretch align-items-md-stretch align-items-stretch gutters-col-lg-2 gutters-col-md-2 gutters-col-0 gutters-col-v-lg-2 gutters-col-v-md-2 gutters-col-v-2\">\n          <!---->\n          <div class=\"h-column h-column-container d-flex h-col-lg-auto h-col-md-auto h-col-auto style-1566-outer style-local-3202-c13-outer\">\n            <div data-colibri-id=\"3202-c13\" class=\"d-flex h-flex-basis h-column__inner h-px-lg-2 h-px-md-2 h-px-2 v-inner-lg-2 v-inner-md-2 v-inner-2 style-1566 style-local-3202-c13 position-relative\">\n              <!---->\n              <!---->\n              <div class=\"w-100 h-y-container h-column__content h-column__v-align flex-basis-100 align-self-lg-start align-self-md-start align-self-start\">\n                <!---->\n                <div data-colibri-id=\"3202-c14\" class=\"style-1567 style-local-3202-c14 position-relative h-element\">\n                  <!---->\n                <\/div>\n              <\/div>\n            <\/div>\n          <\/div>\n        <\/div>\n      <\/div>\n      <div data-colibri-id=\"3202-c15\" class=\"h-row-container gutters-row-lg-2 gutters-row-md-2 gutters-row-0 gutters-row-v-lg-2 gutters-row-v-md-2 gutters-row-v-2 style-1555 style-local-3202-c15 position-relative\">\n        <!---->\n        <div class=\"h-row justify-content-lg-center justify-content-md-center justify-content-center align-items-lg-stretch align-items-md-stretch align-items-stretch gutters-col-lg-2 gutters-col-md-2 gutters-col-0 gutters-col-v-lg-2 gutters-col-v-md-2 gutters-col-v-2\">\n          <!---->\n          <div class=\"h-column h-column-container d-flex h-col-lg-auto h-col-md-auto h-col-auto style-1557-outer style-local-3202-c16-outer\">\n            <div data-colibri-id=\"3202-c16\" class=\"d-flex h-flex-basis h-column__inner h-px-lg-2 h-px-md-2 h-px-2 v-inner-lg-2 v-inner-md-2 v-inner-2 style-1557 style-local-3202-c16 position-relative\">\n              <!---->\n              <!---->\n              <div class=\"w-100 h-y-container h-column__content h-column__v-align flex-basis-100 align-self-lg-start align-self-md-start align-self-start\">\n                <!---->\n                <div data-colibri-id=\"3202-c17\" class=\"h-x-container style-1558 style-local-3202-c17 position-relative h-element\">\n                  <!---->\n                  <div class=\"h-x-container-inner style-dynamic-3202-c17-group style-1558-spacing style-local-3202-c17-spacing\"><span class=\"h-button__outer style-255-outer style-local-3202-c18-outer d-inline-flex h-element\"><a h-use-smooth-scroll=\"true\" href=\"https:\/\/egewe.fr\/index.php\/petit-dejeuner-feminin\/\"  data-colibri-id=\"3202-c18\" class=\"d-flex w-100 align-items-center h-button justify-content-lg-center justify-content-md-center justify-content-center style-255 style-local-3202-c18 position-relative\"><!----><!----> <span>\u2192 Le prochain petit d\u00e9jeuner f\u00e9minin \u2190<\/span><\/a>\n                    <\/span>\n                  <\/div>\n                <\/div>\n              <\/div>\n            <\/div>\n          <\/div>\n        <\/div>\n      <\/div>\n    <\/div>\n  <\/div>\n<\/div>","protected":false},"excerpt":{"rendered":"<p>Retrouvez ci-dessous l&rsquo;enregistrement du dernier Petit D\u00e9jeuner F\u00e9minin \u00ab\u00a0Mon chemin de r\u00e9silience\u00a0\u00bb Nathalie Mollot &#8211; le 19 Octobre 2024 \u00c9COUTER LE REPLAY \u2192 Le prochain petit d\u00e9jeuner f\u00e9minin \u2190<\/p>\n","protected":false},"author":3,"featured_media":0,"parent":1052,"menu_order":0,"comment_status":"closed","ping_status":"closed","template":"page-templates\/full-width-page.php","meta":{"_EventAllDay":false,"_EventTimezone":"","_EventStartDate":"","_EventEndDate":"","_EventStartDateUTC":"","_EventEndDateUTC":"","_EventShowMap":false,"_EventShowMapLink":false,"_EventURL":"","_EventCost":"","_EventCostDescription":"","_EventCurrencySymbol":"","_EventCurrencyCode":"","_EventCurrencyPosition":"","_EventDateTimeSeparator":"","_EventTimeRangeSeparator":"","_EventOrganizerID":[],"_EventVenueID":[],"_OrganizerEmail":"","_OrganizerPhone":"","_OrganizerWebsite":"","_VenueAddress":"","_VenueCity":"","_VenueCountry":"","_VenueProvince":"","_VenueState":"","_VenueZip":"","_VenuePhone":"","_VenueURL":"","_VenueStateProvince":"","_VenueLat":"","_VenueLng":"","_VenueShowMap":false,"_VenueShowMapLink":false,"footnotes":""},"class_list":["post-3202","page","type-page","status-publish","hentry"],"yoast_head":"<!-- This site is optimized with the Yoast SEO plugin v27.5 - https:\/\/yoast.com\/product\/yoast-seo-wordpress\/ -->\n<title>Enregistrement du Petit D\u00e9jeuner F\u00e9minin - \u00c9glise \u00c9vang\u00e9lique de Weislingen<\/title>\n<meta name=\"robots\" content=\"index, follow, max-snippet:-1, max-image-preview:large, max-video-preview:-1\" \/>\n<link rel=\"canonical\" href=\"https:\/\/egewe.fr\/index.php\/petit-dejeuner-feminin\/enregistrement-audio-du-petit-dejeuner-feminin\/\" \/>\n<meta property=\"og:locale\" content=\"fr_FR\" \/>\n<meta property=\"og:type\" content=\"article\" \/>\n<meta property=\"og:title\" content=\"Enregistrement du Petit D\u00e9jeuner F\u00e9minin - \u00c9glise \u00c9vang\u00e9lique de Weislingen\" \/>\n<meta property=\"og:description\" content=\"Retrouvez ci-dessous l&rsquo;enregistrement du dernier Petit D\u00e9jeuner F\u00e9minin \u00ab\u00a0Mon chemin de r\u00e9silience\u00a0\u00bb Nathalie Mollot &#8211; le 19 Octobre 2024 \u00c9COUTER LE REPLAY \u2192 Le prochain petit d\u00e9jeuner f\u00e9minin \u2190\" \/>\n<meta property=\"og:url\" content=\"https:\/\/egewe.fr\/index.php\/petit-dejeuner-feminin\/enregistrement-audio-du-petit-dejeuner-feminin\/\" \/>\n<meta property=\"og:site_name\" content=\"\u00c9glise \u00c9vang\u00e9lique de Weislingen\" \/>\n<meta property=\"article:modified_time\" content=\"2024-11-12T09:10:52+00:00\" \/>\n<meta name=\"twitter:card\" content=\"summary_large_image\" \/>\n<meta name=\"twitter:label1\" content=\"Dur\u00e9e de lecture estim\u00e9e\" \/>\n\t<meta name=\"twitter:data1\" content=\"2 minutes\" \/>\n<script type=\"application\/ld+json\" class=\"yoast-schema-graph\">{\"@context\":\"https:\\\/\\\/schema.org\",\"@graph\":[{\"@type\":\"WebPage\",\"@id\":\"https:\\\/\\\/egewe.fr\\\/index.php\\\/petit-dejeuner-feminin\\\/enregistrement-audio-du-petit-dejeuner-feminin\\\/\",\"url\":\"https:\\\/\\\/egewe.fr\\\/index.php\\\/petit-dejeuner-feminin\\\/enregistrement-audio-du-petit-dejeuner-feminin\\\/\",\"name\":\"Enregistrement du Petit D\u00e9jeuner F\u00e9minin - \u00c9glise \u00c9vang\u00e9lique de Weislingen\",\"isPartOf\":{\"@id\":\"https:\\\/\\\/egewe.fr\\\/#website\"},\"datePublished\":\"2022-04-11T06:04:00+00:00\",\"dateModified\":\"2024-11-12T09:10:52+00:00\",\"breadcrumb\":{\"@id\":\"https:\\\/\\\/egewe.fr\\\/index.php\\\/petit-dejeuner-feminin\\\/enregistrement-audio-du-petit-dejeuner-feminin\\\/#breadcrumb\"},\"inLanguage\":\"fr-FR\",\"potentialAction\":[{\"@type\":\"ReadAction\",\"target\":[\"https:\\\/\\\/egewe.fr\\\/index.php\\\/petit-dejeuner-feminin\\\/enregistrement-audio-du-petit-dejeuner-feminin\\\/\"]}]},{\"@type\":\"BreadcrumbList\",\"@id\":\"https:\\\/\\\/egewe.fr\\\/index.php\\\/petit-dejeuner-feminin\\\/enregistrement-audio-du-petit-dejeuner-feminin\\\/#breadcrumb\",\"itemListElement\":[{\"@type\":\"ListItem\",\"position\":1,\"name\":\"Accueil\",\"item\":\"https:\\\/\\\/egewe.fr\\\/\"},{\"@type\":\"ListItem\",\"position\":2,\"name\":\"Petit d\u00e9jeuner f\u00e9minin\",\"item\":\"https:\\\/\\\/egewe.fr\\\/index.php\\\/petit-dejeuner-feminin\\\/\"},{\"@type\":\"ListItem\",\"position\":3,\"name\":\"Enregistrement du Petit D\u00e9jeuner F\u00e9minin\"}]},{\"@type\":\"WebSite\",\"@id\":\"https:\\\/\\\/egewe.fr\\\/#website\",\"url\":\"https:\\\/\\\/egewe.fr\\\/\",\"name\":\"\u00c9glise \u00c9vang\u00e9lique de Weislingen\",\"description\":\"\",\"publisher\":{\"@id\":\"https:\\\/\\\/egewe.fr\\\/#organization\"},\"potentialAction\":[{\"@type\":\"SearchAction\",\"target\":{\"@type\":\"EntryPoint\",\"urlTemplate\":\"https:\\\/\\\/egewe.fr\\\/?s={search_term_string}\"},\"query-input\":{\"@type\":\"PropertyValueSpecification\",\"valueRequired\":true,\"valueName\":\"search_term_string\"}}],\"inLanguage\":\"fr-FR\"},{\"@type\":\"Organization\",\"@id\":\"https:\\\/\\\/egewe.fr\\\/#organization\",\"name\":\"\u00c9glise \u00c9vang\u00e9lique de Weislingen\",\"url\":\"https:\\\/\\\/egewe.fr\\\/\",\"logo\":{\"@type\":\"ImageObject\",\"inLanguage\":\"fr-FR\",\"@id\":\"https:\\\/\\\/egewe.fr\\\/#\\\/schema\\\/logo\\\/image\\\/\",\"url\":\"https:\\\/\\\/egewe.fr\\\/wp-content\\\/uploads\\\/2026\\\/03\\\/Eglise-Evangelique-de-Weislingen.png\",\"contentUrl\":\"https:\\\/\\\/egewe.fr\\\/wp-content\\\/uploads\\\/2026\\\/03\\\/Eglise-Evangelique-de-Weislingen.png\",\"width\":1187,\"height\":264,\"caption\":\"\u00c9glise \u00c9vang\u00e9lique de Weislingen\"},\"image\":{\"@id\":\"https:\\\/\\\/egewe.fr\\\/#\\\/schema\\\/logo\\\/image\\\/\"}}]}<\/script>\n<!-- \/ Yoast SEO plugin. -->","yoast_head_json":{"title":"Enregistrement du Petit D\u00e9jeuner F\u00e9minin - \u00c9glise \u00c9vang\u00e9lique de Weislingen","robots":{"index":"index","follow":"follow","max-snippet":"max-snippet:-1","max-image-preview":"max-image-preview:large","max-video-preview":"max-video-preview:-1"},"canonical":"https:\/\/egewe.fr\/index.php\/petit-dejeuner-feminin\/enregistrement-audio-du-petit-dejeuner-feminin\/","og_locale":"fr_FR","og_type":"article","og_title":"Enregistrement du Petit D\u00e9jeuner F\u00e9minin - \u00c9glise \u00c9vang\u00e9lique de Weislingen","og_description":"Retrouvez ci-dessous l&rsquo;enregistrement du dernier Petit D\u00e9jeuner F\u00e9minin \u00ab\u00a0Mon chemin de r\u00e9silience\u00a0\u00bb Nathalie Mollot &#8211; le 19 Octobre 2024 \u00c9COUTER LE REPLAY \u2192 Le prochain petit d\u00e9jeuner f\u00e9minin \u2190","og_url":"https:\/\/egewe.fr\/index.php\/petit-dejeuner-feminin\/enregistrement-audio-du-petit-dejeuner-feminin\/","og_site_name":"\u00c9glise \u00c9vang\u00e9lique de Weislingen","article_modified_time":"2024-11-12T09:10:52+00:00","twitter_card":"summary_large_image","twitter_misc":{"Dur\u00e9e de lecture estim\u00e9e":"2 minutes"},"schema":{"@context":"https:\/\/schema.org","@graph":[{"@type":"WebPage","@id":"https:\/\/egewe.fr\/index.php\/petit-dejeuner-feminin\/enregistrement-audio-du-petit-dejeuner-feminin\/","url":"https:\/\/egewe.fr\/index.php\/petit-dejeuner-feminin\/enregistrement-audio-du-petit-dejeuner-feminin\/","name":"Enregistrement du Petit D\u00e9jeuner F\u00e9minin - \u00c9glise \u00c9vang\u00e9lique de Weislingen","isPartOf":{"@id":"https:\/\/egewe.fr\/#website"},"datePublished":"2022-04-11T06:04:00+00:00","dateModified":"2024-11-12T09:10:52+00:00","breadcrumb":{"@id":"https:\/\/egewe.fr\/index.php\/petit-dejeuner-feminin\/enregistrement-audio-du-petit-dejeuner-feminin\/#breadcrumb"},"inLanguage":"fr-FR","potentialAction":[{"@type":"ReadAction","target":["https:\/\/egewe.fr\/index.php\/petit-dejeuner-feminin\/enregistrement-audio-du-petit-dejeuner-feminin\/"]}]},{"@type":"BreadcrumbList","@id":"https:\/\/egewe.fr\/index.php\/petit-dejeuner-feminin\/enregistrement-audio-du-petit-dejeuner-feminin\/#breadcrumb","itemListElement":[{"@type":"ListItem","position":1,"name":"Accueil","item":"https:\/\/egewe.fr\/"},{"@type":"ListItem","position":2,"name":"Petit d\u00e9jeuner f\u00e9minin","item":"https:\/\/egewe.fr\/index.php\/petit-dejeuner-feminin\/"},{"@type":"ListItem","position":3,"name":"Enregistrement du Petit D\u00e9jeuner F\u00e9minin"}]},{"@type":"WebSite","@id":"https:\/\/egewe.fr\/#website","url":"https:\/\/egewe.fr\/","name":"\u00c9glise \u00c9vang\u00e9lique de Weislingen","description":"","publisher":{"@id":"https:\/\/egewe.fr\/#organization"},"potentialAction":[{"@type":"SearchAction","target":{"@type":"EntryPoint","urlTemplate":"https:\/\/egewe.fr\/?s={search_term_string}"},"query-input":{"@type":"PropertyValueSpecification","valueRequired":true,"valueName":"search_term_string"}}],"inLanguage":"fr-FR"},{"@type":"Organization","@id":"https:\/\/egewe.fr\/#organization","name":"\u00c9glise \u00c9vang\u00e9lique de Weislingen","url":"https:\/\/egewe.fr\/","logo":{"@type":"ImageObject","inLanguage":"fr-FR","@id":"https:\/\/egewe.fr\/#\/schema\/logo\/image\/","url":"https:\/\/egewe.fr\/wp-content\/uploads\/2026\/03\/Eglise-Evangelique-de-Weislingen.png","contentUrl":"https:\/\/egewe.fr\/wp-content\/uploads\/2026\/03\/Eglise-Evangelique-de-Weislingen.png","width":1187,"height":264,"caption":"\u00c9glise \u00c9vang\u00e9lique de Weislingen"},"image":{"@id":"https:\/\/egewe.fr\/#\/schema\/logo\/image\/"}}]}},"jetpack_sharing_enabled":true,"_links":{"self":[{"href":"https:\/\/egewe.fr\/index.php\/wp-json\/wp\/v2\/pages\/3202","targetHints":{"allow":["GET"]}}],"collection":[{"href":"https:\/\/egewe.fr\/index.php\/wp-json\/wp\/v2\/pages"}],"about":[{"href":"https:\/\/egewe.fr\/index.php\/wp-json\/wp\/v2\/types\/page"}],"author":[{"embeddable":true,"href":"https:\/\/egewe.fr\/index.php\/wp-json\/wp\/v2\/users\/3"}],"replies":[{"embeddable":true,"href":"https:\/\/egewe.fr\/index.php\/wp-json\/wp\/v2\/comments?post=3202"}],"version-history":[{"count":14,"href":"https:\/\/egewe.fr\/index.php\/wp-json\/wp\/v2\/pages\/3202\/revisions"}],"predecessor-version":[{"id":8159,"href":"https:\/\/egewe.fr\/index.php\/wp-json\/wp\/v2\/pages\/3202\/revisions\/8159"}],"up":[{"embeddable":true,"href":"https:\/\/egewe.fr\/index.php\/wp-json\/wp\/v2\/pages\/1052"}],"wp:attachment":[{"href":"https:\/\/egewe.fr\/index.php\/wp-json\/wp\/v2\/media?parent=3202"}],"curies":[{"name":"wp","href":"https:\/\/api.w.org\/{rel}","templated":true}]}}